{"id":1475,"date":"2023-02-20T23:02:14","date_gmt":"2023-02-20T23:02:14","guid":{"rendered":"https:\/\/sinafricabiz.com\/?post_type=product&#038;p=1475"},"modified":"2023-02-28T08:34:35","modified_gmt":"2023-02-28T08:34:35","slug":"zhejiang-jianfeng-communication-cables-co-ltd","status":"publish","type":"product","link":"https:\/\/sinafricabiz.com\/index.php\/product\/zhejiang-jianfeng-communication-cables-co-ltd\/","title":{"rendered":"ZHEJIANG JIANFENG COMMUNICATION CABLES CO.,LTD"},"content":{"rendered":"<p>Pr\u00e9sentation de l\u2019entreprise :<\/p>\n<p>Une filiale en propri\u00e9t\u00e9 exclusive de la soci\u00e9t\u00e9 cot\u00e9e Zhejiang Jianfeng Group Co., Ltd.<\/p>\n<p>Jianfeng Cable est le TOP 1 dans la zone de produits de la s\u00e9rie de c\u00e2bles de communication du Zhejiang, et le TOP 3 en Chine. La <em>Soci\u00e9t\u00e9 \u00e0 Responsabilit\u00e9 Limit\u00e9e (SARL) de c\u00e2bles de communication Zhejiang Jianfeng<\/em> est la SARL la plus ancienne et la plus exp\u00e9riment\u00e9e de l\u2019industrie des c\u00e2bles de communication en Chine, cr\u00e9\u00e9e en 1993&#8230;&#8230;&#8230;&#8230;&#8230;&#8230;<\/p>\n<p><iframe title=\"Industrie de c\u00e2bles de communication Zhejiang Jianfeng (francais)\" width=\"1240\" height=\"698\" src=\"https:\/\/www.youtube.com\/embed\/Wlm-KN23Zag?feature=oembed\" frameborder=\"0\" allow=\"accelerometer; autoplay; clipboard-write; encrypted-media; gyroscope; picture-in-picture; web-share\" allowfullscreen><\/iframe><\/p>\n","protected":false},"excerpt":{"rendered":"<p>2 catalogues complets\u00a0 t\u00e9l\u00e9chargeable (FRANCAIS+ANGLAIS) avec les contacts t\u00e9l\u00e9phoniques, emails et site web de l&#8217;industrie de cables de communication Zhejiang Jianfeng.<\/p>\n","protected":false},"featured_media":1487,"comment_status":"open","ping_status":"closed","template":"","meta":[],"product_brand":[],"product_cat":[40],"product_tag":[42,43],"class_list":{"0":"post-1475","1":"product","2":"type-product","3":"status-publish","4":"has-post-thumbnail","6":"product_cat-usine-chinoises","7":"product_tag-cables-de-communication","8":"product_tag-communication-cables","9":"futurio-has-gallery","11":"first","12":"instock","13":"sale","14":"downloadable","15":"taxable","16":"shipping-taxable","17":"purchasable","18":"product-type-simple"},"_links":{"self":[{"href":"https:\/\/sinafricabiz.com\/index.php\/wp-json\/wp\/v2\/product\/1475","targetHints":{"allow":["GET"]}}],"collection":[{"href":"https:\/\/sinafricabiz.com\/index.php\/wp-json\/wp\/v2\/product"}],"about":[{"href":"https:\/\/sinafricabiz.com\/index.php\/wp-json\/wp\/v2\/types\/product"}],"replies":[{"embeddable":true,"href":"https:\/\/sinafricabiz.com\/index.php\/wp-json\/wp\/v2\/comments?post=1475"}],"version-history":[{"count":8,"href":"https:\/\/sinafricabiz.com\/index.php\/wp-json\/wp\/v2\/product\/1475\/revisions"}],"predecessor-version":[{"id":1511,"href":"https:\/\/sinafricabiz.com\/index.php\/wp-json\/wp\/v2\/product\/1475\/revisions\/1511"}],"wp:featuredmedia":[{"embeddable":true,"href":"https:\/\/sinafricabiz.com\/index.php\/wp-json\/wp\/v2\/media\/1487"}],"wp:attachment":[{"href":"https:\/\/sinafricabiz.com\/index.php\/wp-json\/wp\/v2\/media?parent=1475"}],"wp:term":[{"taxonomy":"product_brand","embeddable":true,"href":"https:\/\/sinafricabiz.com\/index.php\/wp-json\/wp\/v2\/product_brand?post=1475"},{"taxonomy":"product_cat","embeddable":true,"href":"https:\/\/sinafricabiz.com\/index.php\/wp-json\/wp\/v2\/product_cat?post=1475"},{"taxonomy":"product_tag","embeddable":true,"href":"https:\/\/sinafricabiz.com\/index.php\/wp-json\/wp\/v2\/product_tag?post=1475"}],"curies":[{"name":"wp","href":"https:\/\/api.w.org\/{rel}","templated":true}]}}