{"id":543,"date":"2023-02-12T14:40:29","date_gmt":"2023-02-12T14:40:29","guid":{"rendered":"https:\/\/sinafricabiz.com\/?page_id=543"},"modified":"2023-02-13T14:06:56","modified_gmt":"2023-02-13T14:06:56","slug":"assistance-suivi-en-chine","status":"publish","type":"page","link":"https:\/\/sinafricabiz.com\/index.php\/assistance-suivi-en-chine\/","title":{"rendered":"Assistance &#038; Suivi en Chine"},"content":{"rendered":"\t\t<div data-elementor-type=\"wp-page\" data-elementor-id=\"543\" class=\"elementor elementor-543\">\n\t\t\t\t\t\t<section class=\"elementor-section elementor-top-section elementor-element elementor-element-edf5c5c elementor-section-boxed elementor-section-height-default elementor-section-height-default wpr-particle-no wpr-jarallax-no wpr-parallax-no wpr-sticky-section-no wpr-equal-height-no\" data-id=\"edf5c5c\" data-element_type=\"section\" data-e-type=\"section\">\n\t\t\t\t\t\t\t<div class=\"elementor-background-overlay\"><\/div>\n\t\t\t\t\t\t\t<div class=\"elementor-container elementor-column-gap-default\">\n\t\t\t\t\t<div class=\"elementor-column elementor-col-100 elementor-top-column elementor-element elementor-element-64978bf\" data-id=\"64978bf\" data-element_type=\"column\" data-e-type=\"column\">\n\t\t\t<div class=\"elementor-widget-wrap elementor-element-populated\">\n\t\t\t\t\t\t<div class=\"elementor-element elementor-element-197a281 elementor-drop-cap-yes elementor-drop-cap-view-default elementor-widget elementor-widget-text-editor\" data-id=\"197a281\" data-element_type=\"widget\" data-e-type=\"widget\" data-settings=\"{&quot;drop_cap&quot;:&quot;yes&quot;}\" data-widget_type=\"text-editor.default\">\n\t\t\t\t<div class=\"elementor-widget-container\">\n\t\t\t\t\t\t\t\t\t<p>Les voyages internationaux peuvent s&#8217;av\u00e9rer parfois tr\u00e8s couteux en temps et en argent, surtout en temps de haut risque comme celui de la covid-19. Minimiser vos d\u00e9placements en nous confiant le suivie de vos activit\u00e9s et op\u00e9rations en Chine \u00e0 travers nos \u00e9quipes permanante en Chine.\u00a0<\/p>\t\t\t\t\t\t\t\t<\/div>\n\t\t\t\t<\/div>\n\t\t\t\t\t<\/div>\n\t\t<\/div>\n\t\t\t\t\t<\/div>\n\t\t<\/section>\n\t\t\t\t<section class=\"elementor-section elementor-top-section elementor-element elementor-element-6c3c26b elementor-section-boxed elementor-section-height-default elementor-section-height-default wpr-particle-no wpr-jarallax-no wpr-parallax-no wpr-sticky-section-no wpr-equal-height-no\" data-id=\"6c3c26b\" data-element_type=\"section\" data-e-type=\"section\">\n\t\t\t\t\t\t<div class=\"elementor-container elementor-column-gap-default\">\n\t\t\t\t\t<div class=\"elementor-column elementor-col-100 elementor-top-column elementor-element elementor-element-1bccb5f\" data-id=\"1bccb5f\" data-element_type=\"column\" data-e-type=\"column\">\n\t\t\t<div class=\"elementor-widget-wrap elementor-element-populated\">\n\t\t\t\t\t\t<div class=\"elementor-element elementor-element-b36a739 elementor-align-justify elementor-widget elementor-widget-button\" data-id=\"b36a739\" data-element_type=\"widget\" data-e-type=\"widget\" data-widget_type=\"button.default\">\n\t\t\t\t<div class=\"elementor-widget-container\">\n\t\t\t\t\t\t\t\t\t<div class=\"elementor-button-wrapper\">\n\t\t\t\t\t<a class=\"elementor-button elementor-button-link elementor-size-md\" href=\"#\">\n\t\t\t\t\t\t<span class=\"elementor-button-content-wrapper\">\n\t\t\t\t\t\t<span class=\"elementor-button-icon\">\n\t\t\t\t<svg aria-hidden=\"true\" class=\"e-font-icon-svg e-far-hand-point-right\" viewBox=\"0 0 512 512\" xmlns=\"http:\/\/www.w3.org\/2000\/svg\"><path d=\"M428.8 137.6h-86.177a115.52 115.52 0 0 0 2.176-22.4c0-47.914-35.072-83.2-92-83.2-45.314 0-57.002 48.537-75.707 78.784-7.735 12.413-16.994 23.317-25.851 33.253l-.131.146-.129.148C135.662 161.807 127.764 168 120.8 168h-2.679c-5.747-4.952-13.536-8-22.12-8H32c-17.673 0-32 12.894-32 28.8v230.4C0 435.106 14.327 448 32 448h64c8.584 0 16.373-3.048 22.12-8h2.679c28.688 0 67.137 40 127.2 40h21.299c62.542 0 98.8-38.658 99.94-91.145 12.482-17.813 18.491-40.785 15.985-62.791A93.148 93.148 0 0 0 393.152 304H428.8c45.435 0 83.2-37.584 83.2-83.2 0-45.099-38.101-83.2-83.2-83.2zm0 118.4h-91.026c12.837 14.669 14.415 42.825-4.95 61.05 11.227 19.646 1.687 45.624-12.925 53.625 6.524 39.128-10.076 61.325-50.6 61.325H248c-45.491 0-77.21-35.913-120-39.676V215.571c25.239-2.964 42.966-21.222 59.075-39.596 11.275-12.65 21.725-25.3 30.799-39.875C232.355 112.712 244.006 80 252.8 80c23.375 0 44 8.8 44 35.2 0 35.2-26.4 53.075-26.4 70.4h158.4c18.425 0 35.2 16.5 35.2 35.2 0 18.975-16.225 35.2-35.2 35.2zM88 384c0 13.255-10.745 24-24 24s-24-10.745-24-24 10.745-24 24-24 24 10.745 24 24z\"><\/path><\/svg>\t\t\t<\/span>\n\t\t\t\t\t\t\t\t\t<span class=\"elementor-button-text\">Besoin d'accompagnement &amp; de suivie pour une op\u00e9ration non-financi\u00e8re en Chine<\/span>\n\t\t\t\t\t<\/span>\n\t\t\t\t\t<\/a>\n\t\t\t\t<\/div>\n\t\t\t\t\t\t\t\t<\/div>\n\t\t\t\t<\/div>\n\t\t\t\t\t<\/div>\n\t\t<\/div>\n\t\t\t\t\t<\/div>\n\t\t<\/section>\n\t\t\t\t<section class=\"elementor-section elementor-top-section elementor-element elementor-element-32faa05 elementor-section-boxed elementor-section-height-default elementor-section-height-default wpr-particle-no wpr-jarallax-no wpr-parallax-no wpr-sticky-section-no wpr-equal-height-no\" data-id=\"32faa05\" data-element_type=\"section\" data-e-type=\"section\">\n\t\t\t\t\t\t<div class=\"elementor-container elementor-column-gap-default\">\n\t\t\t\t\t<div class=\"elementor-column elementor-col-100 elementor-top-column elementor-element elementor-element-0937aca\" data-id=\"0937aca\" data-element_type=\"column\" data-e-type=\"column\">\n\t\t\t<div class=\"elementor-widget-wrap elementor-element-populated\">\n\t\t\t\t\t\t<div class=\"elementor-element elementor-element-9fba83e elementor-align-justify elementor-widget elementor-widget-button\" data-id=\"9fba83e\" data-element_type=\"widget\" data-e-type=\"widget\" data-widget_type=\"button.default\">\n\t\t\t\t<div class=\"elementor-widget-container\">\n\t\t\t\t\t\t\t\t\t<div class=\"elementor-button-wrapper\">\n\t\t\t\t\t<a class=\"elementor-button elementor-button-link elementor-size-md\" href=\"#\">\n\t\t\t\t\t\t<span class=\"elementor-button-content-wrapper\">\n\t\t\t\t\t\t<span class=\"elementor-button-icon\">\n\t\t\t\t<svg aria-hidden=\"true\" class=\"e-font-icon-svg e-far-hand-point-right\" viewBox=\"0 0 512 512\" xmlns=\"http:\/\/www.w3.org\/2000\/svg\"><path d=\"M428.8 137.6h-86.177a115.52 115.52 0 0 0 2.176-22.4c0-47.914-35.072-83.2-92-83.2-45.314 0-57.002 48.537-75.707 78.784-7.735 12.413-16.994 23.317-25.851 33.253l-.131.146-.129.148C135.662 161.807 127.764 168 120.8 168h-2.679c-5.747-4.952-13.536-8-22.12-8H32c-17.673 0-32 12.894-32 28.8v230.4C0 435.106 14.327 448 32 448h64c8.584 0 16.373-3.048 22.12-8h2.679c28.688 0 67.137 40 127.2 40h21.299c62.542 0 98.8-38.658 99.94-91.145 12.482-17.813 18.491-40.785 15.985-62.791A93.148 93.148 0 0 0 393.152 304H428.8c45.435 0 83.2-37.584 83.2-83.2 0-45.099-38.101-83.2-83.2-83.2zm0 118.4h-91.026c12.837 14.669 14.415 42.825-4.95 61.05 11.227 19.646 1.687 45.624-12.925 53.625 6.524 39.128-10.076 61.325-50.6 61.325H248c-45.491 0-77.21-35.913-120-39.676V215.571c25.239-2.964 42.966-21.222 59.075-39.596 11.275-12.65 21.725-25.3 30.799-39.875C232.355 112.712 244.006 80 252.8 80c23.375 0 44 8.8 44 35.2 0 35.2-26.4 53.075-26.4 70.4h158.4c18.425 0 35.2 16.5 35.2 35.2 0 18.975-16.225 35.2-35.2 35.2zM88 384c0 13.255-10.745 24-24 24s-24-10.745-24-24 10.745-24 24-24 24 10.745 24 24z\"><\/path><\/svg>\t\t\t<\/span>\n\t\t\t\t\t\t\t\t\t<span class=\"elementor-button-text\">Besoin d'accompagnement et de suivie pour une transaction financi\u00e8re en Chine<\/span>\n\t\t\t\t\t<\/span>\n\t\t\t\t\t<\/a>\n\t\t\t\t<\/div>\n\t\t\t\t\t\t\t\t<\/div>\n\t\t\t\t<\/div>\n\t\t\t\t\t<\/div>\n\t\t<\/div>\n\t\t\t\t\t<\/div>\n\t\t<\/section>\n\t\t\t\t<section class=\"elementor-section elementor-top-section elementor-element elementor-element-a50d4bf elementor-section-boxed elementor-section-height-default elementor-section-height-default wpr-particle-no wpr-jarallax-no wpr-parallax-no wpr-sticky-section-no wpr-equal-height-no\" data-id=\"a50d4bf\" data-element_type=\"section\" data-e-type=\"section\">\n\t\t\t\t\t\t<div class=\"elementor-container elementor-column-gap-default\">\n\t\t\t\t\t<div class=\"elementor-column elementor-col-100 elementor-top-column elementor-element elementor-element-c45b006\" data-id=\"c45b006\" data-element_type=\"column\" data-e-type=\"column\">\n\t\t\t<div class=\"elementor-widget-wrap elementor-element-populated\">\n\t\t\t\t\t\t<div class=\"elementor-element elementor-element-5200217 elementor-widget elementor-widget-spacer\" data-id=\"5200217\" data-element_type=\"widget\" data-e-type=\"widget\" data-widget_type=\"spacer.default\">\n\t\t\t\t<div class=\"elementor-widget-container\">\n\t\t\t\t\t\t\t<div class=\"elementor-spacer\">\n\t\t\t<div class=\"elementor-spacer-inner\"><\/div>\n\t\t<\/div>\n\t\t\t\t\t\t<\/div>\n\t\t\t\t<\/div>\n\t\t\t\t\t<\/div>\n\t\t<\/div>\n\t\t\t\t\t<\/div>\n\t\t<\/section>\n\t\t\t\t<\/div>\n\t\t","protected":false},"excerpt":{"rendered":"<p>Les voyages internationaux peuvent s&#8217;av\u00e9rer parfois tr\u00e8s couteux en temps et en argent, surtout en temps de haut risque comme celui de la covid-19. Minimiser vos d\u00e9placements en nous confiant le suivie de vos activit\u00e9s et op\u00e9rations en Chine \u00e0 travers nos \u00e9quipes permanante en Chine.\u00a0 Besoin d&#8217;accompagnement &#038; de suivie pour une op\u00e9ration non-financi\u00e8re en Chine Besoin d&#8217;accompagnement et de suivie pour une transaction financi\u00e8re en Chine<\/p>\n","protected":false},"author":1,"featured_media":0,"parent":0,"menu_order":0,"comment_status":"closed","ping_status":"closed","template":"","meta":{"footnotes":""},"class_list":["post-543","page","type-page","status-publish","hentry"],"_links":{"self":[{"href":"https:\/\/sinafricabiz.com\/index.php\/wp-json\/wp\/v2\/pages\/543","targetHints":{"allow":["GET"]}}],"collection":[{"href":"https:\/\/sinafricabiz.com\/index.php\/wp-json\/wp\/v2\/pages"}],"about":[{"href":"https:\/\/sinafricabiz.com\/index.php\/wp-json\/wp\/v2\/types\/page"}],"author":[{"embeddable":true,"href":"https:\/\/sinafricabiz.com\/index.php\/wp-json\/wp\/v2\/users\/1"}],"replies":[{"embeddable":true,"href":"https:\/\/sinafricabiz.com\/index.php\/wp-json\/wp\/v2\/comments?post=543"}],"version-history":[{"count":22,"href":"https:\/\/sinafricabiz.com\/index.php\/wp-json\/wp\/v2\/pages\/543\/revisions"}],"predecessor-version":[{"id":857,"href":"https:\/\/sinafricabiz.com\/index.php\/wp-json\/wp\/v2\/pages\/543\/revisions\/857"}],"wp:attachment":[{"href":"https:\/\/sinafricabiz.com\/index.php\/wp-json\/wp\/v2\/media?parent=543"}],"curies":[{"name":"wp","href":"https:\/\/api.w.org\/{rel}","templated":true}]}}