{"id":1525,"date":"2023-02-22T07:28:03","date_gmt":"2023-02-22T07:28:03","guid":{"rendered":"https:\/\/sinafricabiz.com\/?page_id=1525"},"modified":"2023-02-22T11:04:37","modified_gmt":"2023-02-22T11:04:37","slug":"listing-contacts-des-industries-chinoises","status":"publish","type":"page","link":"https:\/\/sinafricabiz.com\/index.php\/connection-aux-usines-chinoises\/listing-contacts-des-industries-chinoises\/","title":{"rendered":"Listing &#038; Contacts des industries Chinoises"},"content":{"rendered":"\t\t<div data-elementor-type=\"wp-page\" data-elementor-id=\"1525\" class=\"elementor elementor-1525\">\n\t\t\t\t\t\t<section class=\"elementor-section elementor-top-section elementor-element elementor-element-4852157 elementor-section-boxed elementor-section-height-default elementor-section-height-default wpr-particle-no wpr-jarallax-no wpr-parallax-no wpr-sticky-section-no\" data-id=\"4852157\" data-element_type=\"section\" data-e-type=\"section\">\n\t\t\t\t\t\t<div class=\"elementor-container elementor-column-gap-default\">\n\t\t\t\t\t<div class=\"elementor-column elementor-col-100 elementor-top-column elementor-element elementor-element-fcc74a5\" data-id=\"fcc74a5\" data-element_type=\"column\" data-e-type=\"column\">\n\t\t\t<div class=\"elementor-widget-wrap elementor-element-populated\">\n\t\t\t\t\t\t<div class=\"elementor-element elementor-element-32eef52 elementor-widget elementor-widget-heading\" data-id=\"32eef52\" data-element_type=\"widget\" data-e-type=\"widget\" data-widget_type=\"heading.default\">\n\t\t\t\t<div class=\"elementor-widget-container\">\n\t\t\t\t\t<h2 class=\"elementor-heading-title elementor-size-default\">Listing &amp; Contacts des industries Chinoises<\/h2>\t\t\t\t<\/div>\n\t\t\t\t<\/div>\n\t\t\t\t\t<\/div>\n\t\t<\/div>\n\t\t\t\t\t<\/div>\n\t\t<\/section>\n\t\t\t\t<section class=\"elementor-section elementor-top-section elementor-element elementor-element-9a7a5d3 elementor-section-boxed elementor-section-height-default elementor-section-height-default wpr-particle-no wpr-jarallax-no wpr-parallax-no wpr-sticky-section-no\" data-id=\"9a7a5d3\" data-element_type=\"section\" data-e-type=\"section\">\n\t\t\t\t\t\t<div class=\"elementor-container elementor-column-gap-default\">\n\t\t\t\t\t<div class=\"elementor-column elementor-col-100 elementor-top-column elementor-element elementor-element-0b7464b\" data-id=\"0b7464b\" data-element_type=\"column\" data-e-type=\"column\">\n\t\t\t<div class=\"elementor-widget-wrap elementor-element-populated\">\n\t\t\t\t\t\t<div class=\"elementor-element elementor-element-ddbfbc4 elementor-align-justify elementor-widget elementor-widget-button\" data-id=\"ddbfbc4\" data-element_type=\"widget\" data-e-type=\"widget\" data-widget_type=\"button.default\">\n\t\t\t\t<div class=\"elementor-widget-container\">\n\t\t\t\t\t\t\t\t\t<div class=\"elementor-button-wrapper\">\n\t\t\t\t\t<a class=\"elementor-button elementor-button-link elementor-size-xl\" href=\"https:\/\/sinafricabiz.com\/index.php\/connection-aux-usines-chinoises\/listing-contacts-des-industries-chinoises\/materiel-et-outils-de-quincaillerie-machineset-equipements-electriques-etc\/\">\n\t\t\t\t\t\t<span class=\"elementor-button-content-wrapper\">\n\t\t\t\t\t\t\t\t\t<span class=\"elementor-button-text\">CATHEGORIE1: Mat\u00e9riel et outils de quincaillerie, machineset  equipements \u00e9lectriques, etc.<\/span>\n\t\t\t\t\t<\/span>\n\t\t\t\t\t<\/a>\n\t\t\t\t<\/div>\n\t\t\t\t\t\t\t\t<\/div>\n\t\t\t\t<\/div>\n\t\t\t\t<div class=\"elementor-element elementor-element-a4d983d elementor-align-justify elementor-widget elementor-widget-button\" data-id=\"a4d983d\" data-element_type=\"widget\" data-e-type=\"widget\" data-widget_type=\"button.default\">\n\t\t\t\t<div class=\"elementor-widget-container\">\n\t\t\t\t\t\t\t\t\t<div class=\"elementor-button-wrapper\">\n\t\t\t\t\t<a class=\"elementor-button elementor-button-link elementor-size-xl\" href=\"https:\/\/sinafricabiz.com\/index.php\/connection-aux-usines-chinoises\/listing-contacts-des-industries-chinoises\/materiel-et-outils-de-quincaillerie-machineset-equipements-electriques-etc-2\/\">\n\t\t\t\t\t\t<span class=\"elementor-button-content-wrapper\">\n\t\t\t\t\t\t\t\t\t<span class=\"elementor-button-text\">CATHEGORIE2: Articles m\u00e9nagers, n\u00e9cessit\u00e9s quotidiennes, jouets, v\u00eatements, textiles\u3001Cosmetics, etc.<\/span>\n\t\t\t\t\t<\/span>\n\t\t\t\t\t<\/a>\n\t\t\t\t<\/div>\n\t\t\t\t\t\t\t\t<\/div>\n\t\t\t\t<\/div>\n\t\t\t\t<div class=\"elementor-element elementor-element-132901e elementor-align-justify elementor-widget elementor-widget-button\" data-id=\"132901e\" data-element_type=\"widget\" data-e-type=\"widget\" data-widget_type=\"button.default\">\n\t\t\t\t<div class=\"elementor-widget-container\">\n\t\t\t\t\t\t\t\t\t<div class=\"elementor-button-wrapper\">\n\t\t\t\t\t<a class=\"elementor-button elementor-button-link elementor-size-xl\" href=\"#\">\n\t\t\t\t\t\t<span class=\"elementor-button-content-wrapper\">\n\t\t\t\t\t\t\t\t\t<span class=\"elementor-button-text\">CATHEGORIE3: Nouvelle \u00e9nergie, nouveaux \u00e9quipements \u00e9nerg\u00e9tiques et ecologiques<\/span>\n\t\t\t\t\t<\/span>\n\t\t\t\t\t<\/a>\n\t\t\t\t<\/div>\n\t\t\t\t\t\t\t\t<\/div>\n\t\t\t\t<\/div>\n\t\t\t\t<div class=\"elementor-element elementor-element-c9e465f elementor-align-justify elementor-widget elementor-widget-button\" data-id=\"c9e465f\" data-element_type=\"widget\" data-e-type=\"widget\" data-widget_type=\"button.default\">\n\t\t\t\t<div class=\"elementor-widget-container\">\n\t\t\t\t\t\t\t\t\t<div class=\"elementor-button-wrapper\">\n\t\t\t\t\t<a class=\"elementor-button elementor-button-link elementor-size-xl\" href=\"#\">\n\t\t\t\t\t\t<span class=\"elementor-button-content-wrapper\">\n\t\t\t\t\t\t\t\t\t<span class=\"elementor-button-text\">CATHEGORIE4: Outils agricoles, machines agricoles, installations de conservation de l'eau<\/span>\n\t\t\t\t\t<\/span>\n\t\t\t\t\t<\/a>\n\t\t\t\t<\/div>\n\t\t\t\t\t\t\t\t<\/div>\n\t\t\t\t<\/div>\n\t\t\t\t<div class=\"elementor-element elementor-element-49f125f elementor-align-justify elementor-widget elementor-widget-button\" data-id=\"49f125f\" data-element_type=\"widget\" data-e-type=\"widget\" data-widget_type=\"button.default\">\n\t\t\t\t<div class=\"elementor-widget-container\">\n\t\t\t\t\t\t\t\t\t<div class=\"elementor-button-wrapper\">\n\t\t\t\t\t<a class=\"elementor-button elementor-button-link elementor-size-xl\" href=\"#\">\n\t\t\t\t\t\t<span class=\"elementor-button-content-wrapper\">\n\t\t\t\t\t\t\t\t\t<span class=\"elementor-button-text\">CATHEGORIE5: Fournitures de bureau, fournitures h\u00f4teli\u00e8res, fournitures de loisirs, supermarch\u00e9s, \u00e9quipements<\/span>\n\t\t\t\t\t<\/span>\n\t\t\t\t\t<\/a>\n\t\t\t\t<\/div>\n\t\t\t\t\t\t\t\t<\/div>\n\t\t\t\t<\/div>\n\t\t\t\t\t<\/div>\n\t\t<\/div>\n\t\t\t\t\t<\/div>\n\t\t<\/section>\n\t\t\t\t<\/div>\n\t\t","protected":false},"excerpt":{"rendered":"<p>Listing &#038; Contacts des industries Chinoises CATHEGORIE1: Mat\u00e9riel et outils de quincaillerie, machineset equipements \u00e9lectriques, etc. CATHEGORIE2: Articles m\u00e9nagers, n\u00e9cessit\u00e9s quotidiennes, jouets, v\u00eatements, textiles\u3001Cosmetics, etc. CATHEGORIE3: Nouvelle \u00e9nergie, nouveaux \u00e9quipements \u00e9nerg\u00e9tiques et ecologiques CATHEGORIE4: Outils agricoles, machines agricoles, installations de conservation de l&#8217;eau CATHEGORIE5: Fournitures de bureau, fournitures h\u00f4teli\u00e8res, fournitures de loisirs, supermarch\u00e9s, \u00e9quipements<\/p>\n","protected":false},"author":1,"featured_media":0,"parent":537,"menu_order":0,"comment_status":"closed","ping_status":"closed","template":"","meta":{"footnotes":""},"class_list":["post-1525","page","type-page","status-publish","hentry"],"_links":{"self":[{"href":"https:\/\/sinafricabiz.com\/index.php\/wp-json\/wp\/v2\/pages\/1525","targetHints":{"allow":["GET"]}}],"collection":[{"href":"https:\/\/sinafricabiz.com\/index.php\/wp-json\/wp\/v2\/pages"}],"about":[{"href":"https:\/\/sinafricabiz.com\/index.php\/wp-json\/wp\/v2\/types\/page"}],"author":[{"embeddable":true,"href":"https:\/\/sinafricabiz.com\/index.php\/wp-json\/wp\/v2\/users\/1"}],"replies":[{"embeddable":true,"href":"https:\/\/sinafricabiz.com\/index.php\/wp-json\/wp\/v2\/comments?post=1525"}],"version-history":[{"count":28,"href":"https:\/\/sinafricabiz.com\/index.php\/wp-json\/wp\/v2\/pages\/1525\/revisions"}],"predecessor-version":[{"id":1597,"href":"https:\/\/sinafricabiz.com\/index.php\/wp-json\/wp\/v2\/pages\/1525\/revisions\/1597"}],"up":[{"embeddable":true,"href":"https:\/\/sinafricabiz.com\/index.php\/wp-json\/wp\/v2\/pages\/537"}],"wp:attachment":[{"href":"https:\/\/sinafricabiz.com\/index.php\/wp-json\/wp\/v2\/media?parent=1525"}],"curies":[{"name":"wp","href":"https:\/\/api.w.org\/{rel}","templated":true}]}}